{"id":106,"date":"2025-03-23T22:41:41","date_gmt":"2025-03-23T22:41:41","guid":{"rendered":"https:\/\/laureldeoro.cl\/?page_id=106"},"modified":"2025-03-24T18:12:19","modified_gmt":"2025-03-24T18:12:19","slug":"ganadores-de-todos-los-tiempos","status":"publish","type":"page","link":"https:\/\/laureldeoro.cl\/?page_id=106","title":{"rendered":"Ganadores de todos los tiempos"},"content":{"rendered":"<p><img loading=\"lazy\" decoding=\"async\" class=\"alignnone wp-image-126 size-full\" src=\"https:\/\/laureldeoro.cl\/wp-content\/uploads\/2025\/03\/GANADORES-HISTORICOS-LAUREL-DE-ORO.png\" alt=\"\" width=\"666\" height=\"523\" srcset=\"https:\/\/laureldeoro.cl\/wp-content\/uploads\/2025\/03\/GANADORES-HISTORICOS-LAUREL-DE-ORO.png 666w, https:\/\/laureldeoro.cl\/wp-content\/uploads\/2025\/03\/GANADORES-HISTORICOS-LAUREL-DE-ORO-300x236.png 300w\" sizes=\"auto, (max-width: 666px) 100vw, 666px\" \/><\/p>\n<p style=\"text-align: justify;\">A lo largo de los a\u00f1os, diversos artistas nacionales e internacionales de gran envergadura han sido distinguidos con el Laurel de Oro, un galard\u00f3n que se ha caracterizado hist\u00f3ricamente por ser un premio entregado por el p\u00fablico a trav\u00e9s de votaci\u00f3n popular.<\/p>\n<p style=\"text-align: justify;\">Algunos de los destacados nombres que han recibido el Laurel de Oro han sido artistas nacionales como Enrique Maluenda, C\u00e9sar Antonio Santis, Luis Dimas, Pamela Hodar, Analya, Myriam Hern\u00e1ndez, Coco Legrand, Los Prisioneros, Paulina Nin. Adem\u00e1s, tambi\u00e9n han sido galardonadas figuras internacionales como Frank Sinatra, Marilyn Monroe, Sofia Loren, Mar\u00eda Jos\u00e9 Cantudo, Sonia Braga, Luis Miguel, Ana Gabriel, Lucero, entre otros.<\/p>\n<p><img loading=\"lazy\" decoding=\"async\" class=\"alignnone wp-image-148 size-full\" src=\"https:\/\/laureldeoro.cl\/wp-content\/uploads\/2025\/03\/GANADORES-HISTORICOS-LAUREL-DE-ORO-1.png\" alt=\"\" width=\"666\" height=\"523\" srcset=\"https:\/\/laureldeoro.cl\/wp-content\/uploads\/2025\/03\/GANADORES-HISTORICOS-LAUREL-DE-ORO-1.png 666w, https:\/\/laureldeoro.cl\/wp-content\/uploads\/2025\/03\/GANADORES-HISTORICOS-LAUREL-DE-ORO-1-300x236.png 300w\" sizes=\"auto, (max-width: 666px) 100vw, 666px\" \/><\/p>\n","protected":false},"excerpt":{"rendered":"<p>A lo largo de los a\u00f1os, diversos artistas nacionales e internacionales de gran envergadura han sido distinguidos con el Laurel de Oro, un galard\u00f3n que se ha caracterizado hist\u00f3ricamente por ser un premio entregado por el p\u00fablico a trav\u00e9s de votaci\u00f3n popular. Algunos de los destacados nombres que han recibido el Laurel de Oro han [&hellip;]<\/p>\n","protected":false},"author":1,"featured_media":0,"parent":0,"menu_order":0,"comment_status":"closed","ping_status":"closed","template":"","meta":{"site-container-style":"default","site-container-layout":"default","site-sidebar-layout":"default","disable-article-header":"default","disable-site-header":"default","disable-site-footer":"default","disable-content-area-spacing":"default","footnotes":""},"class_list":["post-106","page","type-page","status-publish","hentry"],"yoast_head":"<!-- This site is optimized with the Yoast SEO plugin v27.6 - https:\/\/yoast.com\/product\/yoast-seo-wordpress\/ -->\n<title>Ganadores de todos los tiempos - Laurel de Oro<\/title>\n<meta name=\"robots\" content=\"index, follow, max-snippet:-1, max-image-preview:large, max-video-preview:-1\" \/>\n<link rel=\"canonical\" href=\"https:\/\/laureldeoro.cl\/?page_id=106\" \/>\n<meta property=\"og:locale\" content=\"es_ES\" \/>\n<meta property=\"og:type\" content=\"article\" \/>\n<meta property=\"og:title\" content=\"Ganadores de todos los tiempos - Laurel de Oro\" \/>\n<meta property=\"og:description\" content=\"A lo largo de los a\u00f1os, diversos artistas nacionales e internacionales de gran envergadura han sido distinguidos con el Laurel de Oro, un galard\u00f3n que se ha caracterizado hist\u00f3ricamente por ser un premio entregado por el p\u00fablico a trav\u00e9s de votaci\u00f3n popular. Algunos de los destacados nombres que han recibido el Laurel de Oro han [&hellip;]\" \/>\n<meta property=\"og:url\" content=\"https:\/\/laureldeoro.cl\/?page_id=106\" \/>\n<meta property=\"og:site_name\" content=\"Laurel de Oro\" \/>\n<meta property=\"article:modified_time\" content=\"2025-03-24T18:12:19+00:00\" \/>\n<meta property=\"og:image\" content=\"https:\/\/laureldeoro.cl\/wp-content\/uploads\/2025\/03\/GANADORES-HISTORICOS-LAUREL-DE-ORO.png\" \/>\n\t<meta property=\"og:image:width\" content=\"666\" \/>\n\t<meta property=\"og:image:height\" content=\"523\" \/>\n\t<meta property=\"og:image:type\" content=\"image\/png\" \/>\n<meta name=\"twitter:card\" content=\"summary_large_image\" \/>\n<meta name=\"twitter:label1\" content=\"Tiempo de lectura\" \/>\n\t<meta name=\"twitter:data1\" content=\"1 minuto\" \/>\n<script type=\"application\/ld+json\" class=\"yoast-schema-graph\">{\"@context\":\"https:\\\/\\\/schema.org\",\"@graph\":[{\"@type\":\"WebPage\",\"@id\":\"https:\\\/\\\/laureldeoro.cl\\\/?page_id=106\",\"url\":\"https:\\\/\\\/laureldeoro.cl\\\/?page_id=106\",\"name\":\"Ganadores de todos los tiempos - Laurel de Oro\",\"isPartOf\":{\"@id\":\"https:\\\/\\\/laureldeoro.cl\\\/#website\"},\"primaryImageOfPage\":{\"@id\":\"https:\\\/\\\/laureldeoro.cl\\\/?page_id=106#primaryimage\"},\"image\":{\"@id\":\"https:\\\/\\\/laureldeoro.cl\\\/?page_id=106#primaryimage\"},\"thumbnailUrl\":\"https:\\\/\\\/laureldeoro.cl\\\/wp-content\\\/uploads\\\/2025\\\/03\\\/GANADORES-HISTORICOS-LAUREL-DE-ORO.png\",\"datePublished\":\"2025-03-23T22:41:41+00:00\",\"dateModified\":\"2025-03-24T18:12:19+00:00\",\"breadcrumb\":{\"@id\":\"https:\\\/\\\/laureldeoro.cl\\\/?page_id=106#breadcrumb\"},\"inLanguage\":\"es\",\"potentialAction\":[{\"@type\":\"ReadAction\",\"target\":[\"https:\\\/\\\/laureldeoro.cl\\\/?page_id=106\"]}]},{\"@type\":\"ImageObject\",\"inLanguage\":\"es\",\"@id\":\"https:\\\/\\\/laureldeoro.cl\\\/?page_id=106#primaryimage\",\"url\":\"https:\\\/\\\/laureldeoro.cl\\\/wp-content\\\/uploads\\\/2025\\\/03\\\/GANADORES-HISTORICOS-LAUREL-DE-ORO.png\",\"contentUrl\":\"https:\\\/\\\/laureldeoro.cl\\\/wp-content\\\/uploads\\\/2025\\\/03\\\/GANADORES-HISTORICOS-LAUREL-DE-ORO.png\",\"width\":666,\"height\":523},{\"@type\":\"BreadcrumbList\",\"@id\":\"https:\\\/\\\/laureldeoro.cl\\\/?page_id=106#breadcrumb\",\"itemListElement\":[{\"@type\":\"ListItem\",\"position\":1,\"name\":\"Portada\",\"item\":\"https:\\\/\\\/laureldeoro.cl\\\/\"},{\"@type\":\"ListItem\",\"position\":2,\"name\":\"Ganadores de todos los tiempos\"}]},{\"@type\":\"WebSite\",\"@id\":\"https:\\\/\\\/laureldeoro.cl\\\/#website\",\"url\":\"https:\\\/\\\/laureldeoro.cl\\\/\",\"name\":\"Laurel de Oro\",\"description\":\"Patrocinado por la Corporaci\u00f3n de Arte y Cultura Guillero Zurita\",\"publisher\":{\"@id\":\"https:\\\/\\\/laureldeoro.cl\\\/#organization\"},\"potentialAction\":[{\"@type\":\"SearchAction\",\"target\":{\"@type\":\"EntryPoint\",\"urlTemplate\":\"https:\\\/\\\/laureldeoro.cl\\\/?s={search_term_string}\"},\"query-input\":{\"@type\":\"PropertyValueSpecification\",\"valueRequired\":true,\"valueName\":\"search_term_string\"}}],\"inLanguage\":\"es\"},{\"@type\":\"Organization\",\"@id\":\"https:\\\/\\\/laureldeoro.cl\\\/#organization\",\"name\":\"Laurel de Oro\",\"url\":\"https:\\\/\\\/laureldeoro.cl\\\/\",\"logo\":{\"@type\":\"ImageObject\",\"inLanguage\":\"es\",\"@id\":\"https:\\\/\\\/laureldeoro.cl\\\/#\\\/schema\\\/logo\\\/image\\\/\",\"url\":\"https:\\\/\\\/laureldeoro.cl\\\/wp-content\\\/uploads\\\/2025\\\/03\\\/cropped-cropped-Laurel-de-Oro-V2-3.png\",\"contentUrl\":\"https:\\\/\\\/laureldeoro.cl\\\/wp-content\\\/uploads\\\/2025\\\/03\\\/cropped-cropped-Laurel-de-Oro-V2-3.png\",\"width\":6242,\"height\":3115,\"caption\":\"Laurel de Oro\"},\"image\":{\"@id\":\"https:\\\/\\\/laureldeoro.cl\\\/#\\\/schema\\\/logo\\\/image\\\/\"}}]}<\/script>\n<!-- \/ Yoast SEO plugin. -->","yoast_head_json":{"title":"Ganadores de todos los tiempos - Laurel de Oro","robots":{"index":"index","follow":"follow","max-snippet":"max-snippet:-1","max-image-preview":"max-image-preview:large","max-video-preview":"max-video-preview:-1"},"canonical":"https:\/\/laureldeoro.cl\/?page_id=106","og_locale":"es_ES","og_type":"article","og_title":"Ganadores de todos los tiempos - Laurel de Oro","og_description":"A lo largo de los a\u00f1os, diversos artistas nacionales e internacionales de gran envergadura han sido distinguidos con el Laurel de Oro, un galard\u00f3n que se ha caracterizado hist\u00f3ricamente por ser un premio entregado por el p\u00fablico a trav\u00e9s de votaci\u00f3n popular. Algunos de los destacados nombres que han recibido el Laurel de Oro han [&hellip;]","og_url":"https:\/\/laureldeoro.cl\/?page_id=106","og_site_name":"Laurel de Oro","article_modified_time":"2025-03-24T18:12:19+00:00","og_image":[{"width":666,"height":523,"url":"https:\/\/laureldeoro.cl\/wp-content\/uploads\/2025\/03\/GANADORES-HISTORICOS-LAUREL-DE-ORO.png","type":"image\/png"}],"twitter_card":"summary_large_image","twitter_misc":{"Tiempo de lectura":"1 minuto"},"schema":{"@context":"https:\/\/schema.org","@graph":[{"@type":"WebPage","@id":"https:\/\/laureldeoro.cl\/?page_id=106","url":"https:\/\/laureldeoro.cl\/?page_id=106","name":"Ganadores de todos los tiempos - Laurel de Oro","isPartOf":{"@id":"https:\/\/laureldeoro.cl\/#website"},"primaryImageOfPage":{"@id":"https:\/\/laureldeoro.cl\/?page_id=106#primaryimage"},"image":{"@id":"https:\/\/laureldeoro.cl\/?page_id=106#primaryimage"},"thumbnailUrl":"https:\/\/laureldeoro.cl\/wp-content\/uploads\/2025\/03\/GANADORES-HISTORICOS-LAUREL-DE-ORO.png","datePublished":"2025-03-23T22:41:41+00:00","dateModified":"2025-03-24T18:12:19+00:00","breadcrumb":{"@id":"https:\/\/laureldeoro.cl\/?page_id=106#breadcrumb"},"inLanguage":"es","potentialAction":[{"@type":"ReadAction","target":["https:\/\/laureldeoro.cl\/?page_id=106"]}]},{"@type":"ImageObject","inLanguage":"es","@id":"https:\/\/laureldeoro.cl\/?page_id=106#primaryimage","url":"https:\/\/laureldeoro.cl\/wp-content\/uploads\/2025\/03\/GANADORES-HISTORICOS-LAUREL-DE-ORO.png","contentUrl":"https:\/\/laureldeoro.cl\/wp-content\/uploads\/2025\/03\/GANADORES-HISTORICOS-LAUREL-DE-ORO.png","width":666,"height":523},{"@type":"BreadcrumbList","@id":"https:\/\/laureldeoro.cl\/?page_id=106#breadcrumb","itemListElement":[{"@type":"ListItem","position":1,"name":"Portada","item":"https:\/\/laureldeoro.cl\/"},{"@type":"ListItem","position":2,"name":"Ganadores de todos los tiempos"}]},{"@type":"WebSite","@id":"https:\/\/laureldeoro.cl\/#website","url":"https:\/\/laureldeoro.cl\/","name":"Laurel de Oro","description":"Patrocinado por la Corporaci\u00f3n de Arte y Cultura Guillero Zurita","publisher":{"@id":"https:\/\/laureldeoro.cl\/#organization"},"potentialAction":[{"@type":"SearchAction","target":{"@type":"EntryPoint","urlTemplate":"https:\/\/laureldeoro.cl\/?s={search_term_string}"},"query-input":{"@type":"PropertyValueSpecification","valueRequired":true,"valueName":"search_term_string"}}],"inLanguage":"es"},{"@type":"Organization","@id":"https:\/\/laureldeoro.cl\/#organization","name":"Laurel de Oro","url":"https:\/\/laureldeoro.cl\/","logo":{"@type":"ImageObject","inLanguage":"es","@id":"https:\/\/laureldeoro.cl\/#\/schema\/logo\/image\/","url":"https:\/\/laureldeoro.cl\/wp-content\/uploads\/2025\/03\/cropped-cropped-Laurel-de-Oro-V2-3.png","contentUrl":"https:\/\/laureldeoro.cl\/wp-content\/uploads\/2025\/03\/cropped-cropped-Laurel-de-Oro-V2-3.png","width":6242,"height":3115,"caption":"Laurel de Oro"},"image":{"@id":"https:\/\/laureldeoro.cl\/#\/schema\/logo\/image\/"}}]}},"_links":{"self":[{"href":"https:\/\/laureldeoro.cl\/index.php?rest_route=\/wp\/v2\/pages\/106","targetHints":{"allow":["GET"]}}],"collection":[{"href":"https:\/\/laureldeoro.cl\/index.php?rest_route=\/wp\/v2\/pages"}],"about":[{"href":"https:\/\/laureldeoro.cl\/index.php?rest_route=\/wp\/v2\/types\/page"}],"author":[{"embeddable":true,"href":"https:\/\/laureldeoro.cl\/index.php?rest_route=\/wp\/v2\/users\/1"}],"replies":[{"embeddable":true,"href":"https:\/\/laureldeoro.cl\/index.php?rest_route=%2Fwp%2Fv2%2Fcomments&post=106"}],"version-history":[{"count":5,"href":"https:\/\/laureldeoro.cl\/index.php?rest_route=\/wp\/v2\/pages\/106\/revisions"}],"predecessor-version":[{"id":149,"href":"https:\/\/laureldeoro.cl\/index.php?rest_route=\/wp\/v2\/pages\/106\/revisions\/149"}],"wp:attachment":[{"href":"https:\/\/laureldeoro.cl\/index.php?rest_route=%2Fwp%2Fv2%2Fmedia&parent=106"}],"curies":[{"name":"wp","href":"https:\/\/api.w.org\/{rel}","templated":true}]}}