{"id":109,"date":"2025-03-23T22:41:41","date_gmt":"2025-03-23T22:41:41","guid":{"rendered":"https:\/\/laureldeoro.cl\/?page_id=109"},"modified":"2025-03-23T23:59:42","modified_gmt":"2025-03-23T23:59:42","slug":"categorias","status":"publish","type":"page","link":"https:\/\/laureldeoro.cl\/?page_id=109","title":{"rendered":"Categor\u00edas"},"content":{"rendered":"<h1>Televisi\u00f3n<\/h1>\n<p>Mejor matinal<\/p>\n<p>Mejor conductora<\/p>\n<p>Mejor conductor<\/p>\n<p>Mejor producto<\/p>\n<p>Mejor Noticiero<\/p>\n<p>Mejor conductor<\/p>\n<p>Mejor conductora<\/p>\n<p>Mejor programa de conversaci\u00f3n<\/p>\n<p>Mejor productora TV<\/p>\n<p>Mejor productor TV<\/p>\n<p>Mejor programa de entretenci\u00f3n<\/p>\n<p>Mejor Programa deportivo<\/p>\n<p>Mejor programa pol\u00edtico<\/p>\n<p>Mejor telenovela<\/p>\n<p>Mejor actriz<\/p>\n<p>Mejor actor<\/p>\n<h1>M\u00fasica<\/h1>\n<h3>Artistas consagrados<\/h3>\n<p>Artista femenina del a\u00f1o<\/p>\n<p>Artista masculino del a\u00f1o<\/p>\n<p>\u00c1lbum del a\u00f1o<\/p>\n<p>Single del a\u00f1o<\/p>\n<h3>Artistas emergentes<\/h3>\n<p>Artista femenina<br \/>\nArtista masculino<\/p>\n<h3>Artista extranjero<\/h3>\n<p>Artista femenina<br \/>\nArtista masculino<\/p>\n<h1>Radio<\/h1>\n<p>Conductor radial<\/p>\n<p>Conductora radial<\/p>\n<p>Radio regional<\/p>\n<p>Radio Comunal<\/p>\n<h1>Teatro &#8211; Cine<\/h1>\n<p>Obra de Teatro<\/p>\n<p>Pel\u00edcula nacional<\/p>\n<p>Humorista<\/p>\n<p>Stand up<\/p>\n<h1>Premio a la trayectoria<\/h1>\n<p>Radio<\/p>\n<p>M\u00fasica<\/p>\n<p>Teatro<\/p>\n<p>Humorista<\/p>\n<p>Televisi\u00f3n<\/p>\n","protected":false},"excerpt":{"rendered":"<p>Televisi\u00f3n Mejor matinal Mejor conductora Mejor conductor Mejor producto Mejor Noticiero Mejor conductor Mejor conductora Mejor programa de conversaci\u00f3n Mejor productora TV Mejor productor TV Mejor programa de entretenci\u00f3n Mejor Programa deportivo Mejor programa pol\u00edtico Mejor telenovela Mejor actriz Mejor actor M\u00fasica Artistas consagrados Artista femenina del a\u00f1o Artista masculino del a\u00f1o \u00c1lbum del a\u00f1o [&hellip;]<\/p>\n","protected":false},"author":1,"featured_media":0,"parent":0,"menu_order":0,"comment_status":"closed","ping_status":"closed","template":"","meta":{"site-container-style":"default","site-container-layout":"default","site-sidebar-layout":"default","disable-article-header":"default","disable-site-header":"default","disable-site-footer":"default","disable-content-area-spacing":"default","footnotes":""},"class_list":["post-109","page","type-page","status-publish","hentry"],"yoast_head":"<!-- This site is optimized with the Yoast SEO plugin v27.6 - https:\/\/yoast.com\/product\/yoast-seo-wordpress\/ -->\n<title>Categor\u00edas - Laurel de Oro<\/title>\n<meta name=\"description\" content=\"Categor\u00edas para el premio del Laurel de Oro\" \/>\n<meta name=\"robots\" content=\"index, follow, max-snippet:-1, max-image-preview:large, max-video-preview:-1\" \/>\n<link rel=\"canonical\" href=\"https:\/\/laureldeoro.cl\/?page_id=109\" \/>\n<meta property=\"og:locale\" content=\"es_ES\" \/>\n<meta property=\"og:type\" content=\"article\" \/>\n<meta property=\"og:title\" content=\"Categor\u00edas - Laurel de Oro\" \/>\n<meta property=\"og:description\" content=\"Categor\u00edas para el premio del Laurel de Oro\" \/>\n<meta property=\"og:url\" content=\"https:\/\/laureldeoro.cl\/?page_id=109\" \/>\n<meta property=\"og:site_name\" content=\"Laurel de Oro\" \/>\n<meta property=\"article:modified_time\" content=\"2025-03-23T23:59:42+00:00\" \/>\n<meta name=\"twitter:card\" content=\"summary_large_image\" \/>\n<meta name=\"twitter:label1\" content=\"Tiempo de lectura\" \/>\n\t<meta name=\"twitter:data1\" content=\"1 minuto\" \/>\n<script type=\"application\/ld+json\" class=\"yoast-schema-graph\">{\"@context\":\"https:\\\/\\\/schema.org\",\"@graph\":[{\"@type\":\"WebPage\",\"@id\":\"https:\\\/\\\/laureldeoro.cl\\\/?page_id=109\",\"url\":\"https:\\\/\\\/laureldeoro.cl\\\/?page_id=109\",\"name\":\"Categor\u00edas - Laurel de Oro\",\"isPartOf\":{\"@id\":\"https:\\\/\\\/laureldeoro.cl\\\/#website\"},\"datePublished\":\"2025-03-23T22:41:41+00:00\",\"dateModified\":\"2025-03-23T23:59:42+00:00\",\"description\":\"Categor\u00edas para el premio del Laurel de Oro\",\"breadcrumb\":{\"@id\":\"https:\\\/\\\/laureldeoro.cl\\\/?page_id=109#breadcrumb\"},\"inLanguage\":\"es\",\"potentialAction\":[{\"@type\":\"ReadAction\",\"target\":[\"https:\\\/\\\/laureldeoro.cl\\\/?page_id=109\"]}]},{\"@type\":\"BreadcrumbList\",\"@id\":\"https:\\\/\\\/laureldeoro.cl\\\/?page_id=109#breadcrumb\",\"itemListElement\":[{\"@type\":\"ListItem\",\"position\":1,\"name\":\"Portada\",\"item\":\"https:\\\/\\\/laureldeoro.cl\\\/\"},{\"@type\":\"ListItem\",\"position\":2,\"name\":\"Categor\u00edas\"}]},{\"@type\":\"WebSite\",\"@id\":\"https:\\\/\\\/laureldeoro.cl\\\/#website\",\"url\":\"https:\\\/\\\/laureldeoro.cl\\\/\",\"name\":\"Laurel de Oro\",\"description\":\"Patrocinado por la Corporaci\u00f3n de Arte y Cultura Guillero Zurita\",\"publisher\":{\"@id\":\"https:\\\/\\\/laureldeoro.cl\\\/#organization\"},\"potentialAction\":[{\"@type\":\"SearchAction\",\"target\":{\"@type\":\"EntryPoint\",\"urlTemplate\":\"https:\\\/\\\/laureldeoro.cl\\\/?s={search_term_string}\"},\"query-input\":{\"@type\":\"PropertyValueSpecification\",\"valueRequired\":true,\"valueName\":\"search_term_string\"}}],\"inLanguage\":\"es\"},{\"@type\":\"Organization\",\"@id\":\"https:\\\/\\\/laureldeoro.cl\\\/#organization\",\"name\":\"Laurel de Oro\",\"url\":\"https:\\\/\\\/laureldeoro.cl\\\/\",\"logo\":{\"@type\":\"ImageObject\",\"inLanguage\":\"es\",\"@id\":\"https:\\\/\\\/laureldeoro.cl\\\/#\\\/schema\\\/logo\\\/image\\\/\",\"url\":\"https:\\\/\\\/laureldeoro.cl\\\/wp-content\\\/uploads\\\/2025\\\/03\\\/cropped-cropped-Laurel-de-Oro-V2-3.png\",\"contentUrl\":\"https:\\\/\\\/laureldeoro.cl\\\/wp-content\\\/uploads\\\/2025\\\/03\\\/cropped-cropped-Laurel-de-Oro-V2-3.png\",\"width\":6242,\"height\":3115,\"caption\":\"Laurel de Oro\"},\"image\":{\"@id\":\"https:\\\/\\\/laureldeoro.cl\\\/#\\\/schema\\\/logo\\\/image\\\/\"}}]}<\/script>\n<!-- \/ Yoast SEO plugin. -->","yoast_head_json":{"title":"Categor\u00edas - Laurel de Oro","description":"Categor\u00edas para el premio del Laurel de Oro","robots":{"index":"index","follow":"follow","max-snippet":"max-snippet:-1","max-image-preview":"max-image-preview:large","max-video-preview":"max-video-preview:-1"},"canonical":"https:\/\/laureldeoro.cl\/?page_id=109","og_locale":"es_ES","og_type":"article","og_title":"Categor\u00edas - Laurel de Oro","og_description":"Categor\u00edas para el premio del Laurel de Oro","og_url":"https:\/\/laureldeoro.cl\/?page_id=109","og_site_name":"Laurel de Oro","article_modified_time":"2025-03-23T23:59:42+00:00","twitter_card":"summary_large_image","twitter_misc":{"Tiempo de lectura":"1 minuto"},"schema":{"@context":"https:\/\/schema.org","@graph":[{"@type":"WebPage","@id":"https:\/\/laureldeoro.cl\/?page_id=109","url":"https:\/\/laureldeoro.cl\/?page_id=109","name":"Categor\u00edas - Laurel de Oro","isPartOf":{"@id":"https:\/\/laureldeoro.cl\/#website"},"datePublished":"2025-03-23T22:41:41+00:00","dateModified":"2025-03-23T23:59:42+00:00","description":"Categor\u00edas para el premio del Laurel de Oro","breadcrumb":{"@id":"https:\/\/laureldeoro.cl\/?page_id=109#breadcrumb"},"inLanguage":"es","potentialAction":[{"@type":"ReadAction","target":["https:\/\/laureldeoro.cl\/?page_id=109"]}]},{"@type":"BreadcrumbList","@id":"https:\/\/laureldeoro.cl\/?page_id=109#breadcrumb","itemListElement":[{"@type":"ListItem","position":1,"name":"Portada","item":"https:\/\/laureldeoro.cl\/"},{"@type":"ListItem","position":2,"name":"Categor\u00edas"}]},{"@type":"WebSite","@id":"https:\/\/laureldeoro.cl\/#website","url":"https:\/\/laureldeoro.cl\/","name":"Laurel de Oro","description":"Patrocinado por la Corporaci\u00f3n de Arte y Cultura Guillero Zurita","publisher":{"@id":"https:\/\/laureldeoro.cl\/#organization"},"potentialAction":[{"@type":"SearchAction","target":{"@type":"EntryPoint","urlTemplate":"https:\/\/laureldeoro.cl\/?s={search_term_string}"},"query-input":{"@type":"PropertyValueSpecification","valueRequired":true,"valueName":"search_term_string"}}],"inLanguage":"es"},{"@type":"Organization","@id":"https:\/\/laureldeoro.cl\/#organization","name":"Laurel de Oro","url":"https:\/\/laureldeoro.cl\/","logo":{"@type":"ImageObject","inLanguage":"es","@id":"https:\/\/laureldeoro.cl\/#\/schema\/logo\/image\/","url":"https:\/\/laureldeoro.cl\/wp-content\/uploads\/2025\/03\/cropped-cropped-Laurel-de-Oro-V2-3.png","contentUrl":"https:\/\/laureldeoro.cl\/wp-content\/uploads\/2025\/03\/cropped-cropped-Laurel-de-Oro-V2-3.png","width":6242,"height":3115,"caption":"Laurel de Oro"},"image":{"@id":"https:\/\/laureldeoro.cl\/#\/schema\/logo\/image\/"}}]}},"_links":{"self":[{"href":"https:\/\/laureldeoro.cl\/index.php?rest_route=\/wp\/v2\/pages\/109","targetHints":{"allow":["GET"]}}],"collection":[{"href":"https:\/\/laureldeoro.cl\/index.php?rest_route=\/wp\/v2\/pages"}],"about":[{"href":"https:\/\/laureldeoro.cl\/index.php?rest_route=\/wp\/v2\/types\/page"}],"author":[{"embeddable":true,"href":"https:\/\/laureldeoro.cl\/index.php?rest_route=\/wp\/v2\/users\/1"}],"replies":[{"embeddable":true,"href":"https:\/\/laureldeoro.cl\/index.php?rest_route=%2Fwp%2Fv2%2Fcomments&post=109"}],"version-history":[{"count":4,"href":"https:\/\/laureldeoro.cl\/index.php?rest_route=\/wp\/v2\/pages\/109\/revisions"}],"predecessor-version":[{"id":121,"href":"https:\/\/laureldeoro.cl\/index.php?rest_route=\/wp\/v2\/pages\/109\/revisions\/121"}],"wp:attachment":[{"href":"https:\/\/laureldeoro.cl\/index.php?rest_route=%2Fwp%2Fv2%2Fmedia&parent=109"}],"curies":[{"name":"wp","href":"https:\/\/api.w.org\/{rel}","templated":true}]}}