{"id":135,"date":"2025-03-24T17:12:37","date_gmt":"2025-03-24T17:12:37","guid":{"rendered":"https:\/\/laureldeoro.cl\/?page_id=135"},"modified":"2025-03-24T17:30:16","modified_gmt":"2025-03-24T17:30:16","slug":"media-partners","status":"publish","type":"page","link":"https:\/\/laureldeoro.cl\/?page_id=135","title":{"rendered":"Media Partners"},"content":{"rendered":"<p>Este segmento est\u00e1 dedicado a agradecer y reconocer a todos los medios de comunicaci\u00f3n que colaboran para hacer posible la difusi\u00f3n y realizaci\u00f3n del Laurel de Oro.<\/p>\n","protected":false},"excerpt":{"rendered":"<p>Este segmento est\u00e1 dedicado a agradecer y reconocer a todos los medios de comunicaci\u00f3n que colaboran para hacer posible la difusi\u00f3n y realizaci\u00f3n del Laurel de Oro.<\/p>\n","protected":false},"author":1,"featured_media":0,"parent":0,"menu_order":0,"comment_status":"closed","ping_status":"closed","template":"","meta":{"site-container-style":"default","site-container-layout":"default","site-sidebar-layout":"default","disable-article-header":"default","disable-site-header":"default","disable-site-footer":"default","disable-content-area-spacing":"default","footnotes":""},"class_list":["post-135","page","type-page","status-publish","hentry"],"yoast_head":"<!-- This site is optimized with the Yoast SEO plugin v27.6 - https:\/\/yoast.com\/product\/yoast-seo-wordpress\/ -->\n<title>Media Partners - Laurel de Oro<\/title>\n<meta name=\"robots\" content=\"index, follow, max-snippet:-1, max-image-preview:large, max-video-preview:-1\" \/>\n<link rel=\"canonical\" href=\"https:\/\/laureldeoro.cl\/?page_id=135\" \/>\n<meta property=\"og:locale\" content=\"es_ES\" \/>\n<meta property=\"og:type\" content=\"article\" \/>\n<meta property=\"og:title\" content=\"Media Partners - Laurel de Oro\" \/>\n<meta property=\"og:description\" content=\"Este segmento est\u00e1 dedicado a agradecer y reconocer a todos los medios de comunicaci\u00f3n que colaboran para hacer posible la difusi\u00f3n y realizaci\u00f3n del Laurel de Oro.\" \/>\n<meta property=\"og:url\" content=\"https:\/\/laureldeoro.cl\/?page_id=135\" \/>\n<meta property=\"og:site_name\" content=\"Laurel de Oro\" \/>\n<meta property=\"article:modified_time\" content=\"2025-03-24T17:30:16+00:00\" \/>\n<meta name=\"twitter:card\" content=\"summary_large_image\" \/>\n<meta name=\"twitter:label1\" content=\"Tiempo de lectura\" \/>\n\t<meta name=\"twitter:data1\" content=\"1 minuto\" \/>\n<script type=\"application\/ld+json\" class=\"yoast-schema-graph\">{\"@context\":\"https:\\\/\\\/schema.org\",\"@graph\":[{\"@type\":\"WebPage\",\"@id\":\"https:\\\/\\\/laureldeoro.cl\\\/?page_id=135\",\"url\":\"https:\\\/\\\/laureldeoro.cl\\\/?page_id=135\",\"name\":\"Media Partners - Laurel de Oro\",\"isPartOf\":{\"@id\":\"https:\\\/\\\/laureldeoro.cl\\\/#website\"},\"datePublished\":\"2025-03-24T17:12:37+00:00\",\"dateModified\":\"2025-03-24T17:30:16+00:00\",\"breadcrumb\":{\"@id\":\"https:\\\/\\\/laureldeoro.cl\\\/?page_id=135#breadcrumb\"},\"inLanguage\":\"es\",\"potentialAction\":[{\"@type\":\"ReadAction\",\"target\":[\"https:\\\/\\\/laureldeoro.cl\\\/?page_id=135\"]}]},{\"@type\":\"BreadcrumbList\",\"@id\":\"https:\\\/\\\/laureldeoro.cl\\\/?page_id=135#breadcrumb\",\"itemListElement\":[{\"@type\":\"ListItem\",\"position\":1,\"name\":\"Portada\",\"item\":\"https:\\\/\\\/laureldeoro.cl\\\/\"},{\"@type\":\"ListItem\",\"position\":2,\"name\":\"Media Partners\"}]},{\"@type\":\"WebSite\",\"@id\":\"https:\\\/\\\/laureldeoro.cl\\\/#website\",\"url\":\"https:\\\/\\\/laureldeoro.cl\\\/\",\"name\":\"Laurel de Oro\",\"description\":\"Patrocinado por la Corporaci\u00f3n de Arte y Cultura Guillero Zurita\",\"publisher\":{\"@id\":\"https:\\\/\\\/laureldeoro.cl\\\/#organization\"},\"potentialAction\":[{\"@type\":\"SearchAction\",\"target\":{\"@type\":\"EntryPoint\",\"urlTemplate\":\"https:\\\/\\\/laureldeoro.cl\\\/?s={search_term_string}\"},\"query-input\":{\"@type\":\"PropertyValueSpecification\",\"valueRequired\":true,\"valueName\":\"search_term_string\"}}],\"inLanguage\":\"es\"},{\"@type\":\"Organization\",\"@id\":\"https:\\\/\\\/laureldeoro.cl\\\/#organization\",\"name\":\"Laurel de Oro\",\"url\":\"https:\\\/\\\/laureldeoro.cl\\\/\",\"logo\":{\"@type\":\"ImageObject\",\"inLanguage\":\"es\",\"@id\":\"https:\\\/\\\/laureldeoro.cl\\\/#\\\/schema\\\/logo\\\/image\\\/\",\"url\":\"https:\\\/\\\/laureldeoro.cl\\\/wp-content\\\/uploads\\\/2025\\\/03\\\/cropped-cropped-Laurel-de-Oro-V2-3.png\",\"contentUrl\":\"https:\\\/\\\/laureldeoro.cl\\\/wp-content\\\/uploads\\\/2025\\\/03\\\/cropped-cropped-Laurel-de-Oro-V2-3.png\",\"width\":6242,\"height\":3115,\"caption\":\"Laurel de Oro\"},\"image\":{\"@id\":\"https:\\\/\\\/laureldeoro.cl\\\/#\\\/schema\\\/logo\\\/image\\\/\"}}]}<\/script>\n<!-- \/ Yoast SEO plugin. -->","yoast_head_json":{"title":"Media Partners - Laurel de Oro","robots":{"index":"index","follow":"follow","max-snippet":"max-snippet:-1","max-image-preview":"max-image-preview:large","max-video-preview":"max-video-preview:-1"},"canonical":"https:\/\/laureldeoro.cl\/?page_id=135","og_locale":"es_ES","og_type":"article","og_title":"Media Partners - Laurel de Oro","og_description":"Este segmento est\u00e1 dedicado a agradecer y reconocer a todos los medios de comunicaci\u00f3n que colaboran para hacer posible la difusi\u00f3n y realizaci\u00f3n del Laurel de Oro.","og_url":"https:\/\/laureldeoro.cl\/?page_id=135","og_site_name":"Laurel de Oro","article_modified_time":"2025-03-24T17:30:16+00:00","twitter_card":"summary_large_image","twitter_misc":{"Tiempo de lectura":"1 minuto"},"schema":{"@context":"https:\/\/schema.org","@graph":[{"@type":"WebPage","@id":"https:\/\/laureldeoro.cl\/?page_id=135","url":"https:\/\/laureldeoro.cl\/?page_id=135","name":"Media Partners - Laurel de Oro","isPartOf":{"@id":"https:\/\/laureldeoro.cl\/#website"},"datePublished":"2025-03-24T17:12:37+00:00","dateModified":"2025-03-24T17:30:16+00:00","breadcrumb":{"@id":"https:\/\/laureldeoro.cl\/?page_id=135#breadcrumb"},"inLanguage":"es","potentialAction":[{"@type":"ReadAction","target":["https:\/\/laureldeoro.cl\/?page_id=135"]}]},{"@type":"BreadcrumbList","@id":"https:\/\/laureldeoro.cl\/?page_id=135#breadcrumb","itemListElement":[{"@type":"ListItem","position":1,"name":"Portada","item":"https:\/\/laureldeoro.cl\/"},{"@type":"ListItem","position":2,"name":"Media Partners"}]},{"@type":"WebSite","@id":"https:\/\/laureldeoro.cl\/#website","url":"https:\/\/laureldeoro.cl\/","name":"Laurel de Oro","description":"Patrocinado por la Corporaci\u00f3n de Arte y Cultura Guillero Zurita","publisher":{"@id":"https:\/\/laureldeoro.cl\/#organization"},"potentialAction":[{"@type":"SearchAction","target":{"@type":"EntryPoint","urlTemplate":"https:\/\/laureldeoro.cl\/?s={search_term_string}"},"query-input":{"@type":"PropertyValueSpecification","valueRequired":true,"valueName":"search_term_string"}}],"inLanguage":"es"},{"@type":"Organization","@id":"https:\/\/laureldeoro.cl\/#organization","name":"Laurel de Oro","url":"https:\/\/laureldeoro.cl\/","logo":{"@type":"ImageObject","inLanguage":"es","@id":"https:\/\/laureldeoro.cl\/#\/schema\/logo\/image\/","url":"https:\/\/laureldeoro.cl\/wp-content\/uploads\/2025\/03\/cropped-cropped-Laurel-de-Oro-V2-3.png","contentUrl":"https:\/\/laureldeoro.cl\/wp-content\/uploads\/2025\/03\/cropped-cropped-Laurel-de-Oro-V2-3.png","width":6242,"height":3115,"caption":"Laurel de Oro"},"image":{"@id":"https:\/\/laureldeoro.cl\/#\/schema\/logo\/image\/"}}]}},"_links":{"self":[{"href":"https:\/\/laureldeoro.cl\/index.php?rest_route=\/wp\/v2\/pages\/135","targetHints":{"allow":["GET"]}}],"collection":[{"href":"https:\/\/laureldeoro.cl\/index.php?rest_route=\/wp\/v2\/pages"}],"about":[{"href":"https:\/\/laureldeoro.cl\/index.php?rest_route=\/wp\/v2\/types\/page"}],"author":[{"embeddable":true,"href":"https:\/\/laureldeoro.cl\/index.php?rest_route=\/wp\/v2\/users\/1"}],"replies":[{"embeddable":true,"href":"https:\/\/laureldeoro.cl\/index.php?rest_route=%2Fwp%2Fv2%2Fcomments&post=135"}],"version-history":[{"count":2,"href":"https:\/\/laureldeoro.cl\/index.php?rest_route=\/wp\/v2\/pages\/135\/revisions"}],"predecessor-version":[{"id":142,"href":"https:\/\/laureldeoro.cl\/index.php?rest_route=\/wp\/v2\/pages\/135\/revisions\/142"}],"wp:attachment":[{"href":"https:\/\/laureldeoro.cl\/index.php?rest_route=%2Fwp%2Fv2%2Fmedia&parent=135"}],"curies":[{"name":"wp","href":"https:\/\/api.w.org\/{rel}","templated":true}]}}