{"id":26,"date":"2025-03-16T21:27:18","date_gmt":"2025-03-16T21:27:18","guid":{"rendered":"https:\/\/laureldeoro.cl\/?page_id=26"},"modified":"2025-03-24T17:13:36","modified_gmt":"2025-03-24T17:13:36","slug":"nuestro-creador-guillermo-zurita-borja","status":"publish","type":"page","link":"https:\/\/laureldeoro.cl\/?page_id=26","title":{"rendered":"Nuestro creador"},"content":{"rendered":"<p><img loading=\"lazy\" decoding=\"async\" class=\"alignnone wp-image-88 size-full\" src=\"https:\/\/laureldeoro.cl\/wp-content\/uploads\/2025\/03\/NUESTRO-CREADOR-LAUREL-DE-ORO-1.png\" alt=\"NUESTRO CREADOR GUILLERMO ZURITA BORJA\" width=\"666\" height=\"523\" srcset=\"https:\/\/laureldeoro.cl\/wp-content\/uploads\/2025\/03\/NUESTRO-CREADOR-LAUREL-DE-ORO-1.png 666w, https:\/\/laureldeoro.cl\/wp-content\/uploads\/2025\/03\/NUESTRO-CREADOR-LAUREL-DE-ORO-1-300x236.png 300w\" sizes=\"auto, (max-width: 666px) 100vw, 666px\" \/><\/p>\n<p>Guillermo Zurita Borja fue un destacado periodista de espect\u00e1culos ecuatoriano, fundador del Laurel de Oro y el programa radial C\u00f3ctel de Estrellas, que sigue en emisi\u00f3n hasta el d\u00eda de hoy por medio de <a href=\"https:\/\/radio.ucentral.cl\" target=\"_blank\" rel=\"noopener\">Radio UCentral<\/a>.<\/p>\n<p>Adem\u00e1s, Guillermo Zurita se convirti\u00f3 en uno de los fundadores del diario La Cuarta, cre\u00f3 el concepto de la Reina de Vi\u00f1a del Mar y fue el creador de distintos concursos de belleza.<\/p>\n","protected":false},"excerpt":{"rendered":"<p>Guillermo Zurita Borja fue un destacado periodista de espect\u00e1culos ecuatoriano, fundador del Laurel de Oro y el programa radial C\u00f3ctel de Estrellas, que sigue en emisi\u00f3n hasta el d\u00eda de hoy por medio de Radio UCentral. Adem\u00e1s, Guillermo Zurita se convirti\u00f3 en uno de los fundadores del diario La Cuarta, cre\u00f3 el concepto de la [&hellip;]<\/p>\n","protected":false},"author":1,"featured_media":0,"parent":0,"menu_order":0,"comment_status":"closed","ping_status":"closed","template":"","meta":{"site-container-style":"default","site-container-layout":"default","site-sidebar-layout":"default","disable-article-header":"default","disable-site-header":"default","disable-site-footer":"default","disable-content-area-spacing":"default","footnotes":""},"class_list":["post-26","page","type-page","status-publish","hentry"],"yoast_head":"<!-- This site is optimized with the Yoast SEO plugin v27.6 - https:\/\/yoast.com\/product\/yoast-seo-wordpress\/ -->\n<title>Nuestro creador: Guillermo Zurita Borja<\/title>\n<meta name=\"description\" content=\"Esta es la historia de Guillermo Zurita Borja, el periodista de espect\u00e1culo ecuatoriano que fund\u00f3 el Laurel de Oro\" \/>\n<meta name=\"robots\" content=\"index, follow, max-snippet:-1, max-image-preview:large, max-video-preview:-1\" \/>\n<link rel=\"canonical\" href=\"https:\/\/laureldeoro.cl\/?page_id=26\" \/>\n<meta property=\"og:locale\" content=\"es_ES\" \/>\n<meta property=\"og:type\" content=\"article\" \/>\n<meta property=\"og:title\" content=\"Nuestro creador: Guillermo Zurita Borja\" \/>\n<meta property=\"og:description\" content=\"Esta es la historia de Guillermo Zurita Borja, el periodista de espect\u00e1culo ecuatoriano que fund\u00f3 el Laurel de Oro\" \/>\n<meta property=\"og:url\" content=\"https:\/\/laureldeoro.cl\/?page_id=26\" \/>\n<meta property=\"og:site_name\" content=\"Laurel de Oro\" \/>\n<meta property=\"article:modified_time\" content=\"2025-03-24T17:13:36+00:00\" \/>\n<meta property=\"og:image\" content=\"https:\/\/laureldeoro.cl\/wp-content\/uploads\/2025\/03\/NUESTRO-CREADOR-LAUREL-DE-ORO-1.png\" \/>\n\t<meta property=\"og:image:width\" content=\"666\" \/>\n\t<meta property=\"og:image:height\" content=\"523\" \/>\n\t<meta property=\"og:image:type\" content=\"image\/png\" \/>\n<meta name=\"twitter:card\" content=\"summary_large_image\" \/>\n<meta name=\"twitter:label1\" content=\"Tiempo de lectura\" \/>\n\t<meta name=\"twitter:data1\" content=\"1 minuto\" \/>\n<script type=\"application\/ld+json\" class=\"yoast-schema-graph\">{\"@context\":\"https:\\\/\\\/schema.org\",\"@graph\":[{\"@type\":\"WebPage\",\"@id\":\"https:\\\/\\\/laureldeoro.cl\\\/?page_id=26\",\"url\":\"https:\\\/\\\/laureldeoro.cl\\\/?page_id=26\",\"name\":\"Nuestro creador: Guillermo Zurita Borja\",\"isPartOf\":{\"@id\":\"https:\\\/\\\/laureldeoro.cl\\\/#website\"},\"primaryImageOfPage\":{\"@id\":\"https:\\\/\\\/laureldeoro.cl\\\/?page_id=26#primaryimage\"},\"image\":{\"@id\":\"https:\\\/\\\/laureldeoro.cl\\\/?page_id=26#primaryimage\"},\"thumbnailUrl\":\"https:\\\/\\\/laureldeoro.cl\\\/wp-content\\\/uploads\\\/2025\\\/03\\\/NUESTRO-CREADOR-LAUREL-DE-ORO-1.png\",\"datePublished\":\"2025-03-16T21:27:18+00:00\",\"dateModified\":\"2025-03-24T17:13:36+00:00\",\"description\":\"Esta es la historia de Guillermo Zurita Borja, el periodista de espect\u00e1culo ecuatoriano que fund\u00f3 el Laurel de Oro\",\"breadcrumb\":{\"@id\":\"https:\\\/\\\/laureldeoro.cl\\\/?page_id=26#breadcrumb\"},\"inLanguage\":\"es\",\"potentialAction\":[{\"@type\":\"ReadAction\",\"target\":[\"https:\\\/\\\/laureldeoro.cl\\\/?page_id=26\"]}]},{\"@type\":\"ImageObject\",\"inLanguage\":\"es\",\"@id\":\"https:\\\/\\\/laureldeoro.cl\\\/?page_id=26#primaryimage\",\"url\":\"https:\\\/\\\/laureldeoro.cl\\\/wp-content\\\/uploads\\\/2025\\\/03\\\/NUESTRO-CREADOR-LAUREL-DE-ORO-1.png\",\"contentUrl\":\"https:\\\/\\\/laureldeoro.cl\\\/wp-content\\\/uploads\\\/2025\\\/03\\\/NUESTRO-CREADOR-LAUREL-DE-ORO-1.png\",\"width\":666,\"height\":523,\"caption\":\"NUESTRO CREADOR GUILLERMO ZURITA BORJA\"},{\"@type\":\"BreadcrumbList\",\"@id\":\"https:\\\/\\\/laureldeoro.cl\\\/?page_id=26#breadcrumb\",\"itemListElement\":[{\"@type\":\"ListItem\",\"position\":1,\"name\":\"Portada\",\"item\":\"https:\\\/\\\/laureldeoro.cl\\\/\"},{\"@type\":\"ListItem\",\"position\":2,\"name\":\"Nuestro creador\"}]},{\"@type\":\"WebSite\",\"@id\":\"https:\\\/\\\/laureldeoro.cl\\\/#website\",\"url\":\"https:\\\/\\\/laureldeoro.cl\\\/\",\"name\":\"Laurel de Oro\",\"description\":\"Patrocinado por la Corporaci\u00f3n de Arte y Cultura Guillero Zurita\",\"publisher\":{\"@id\":\"https:\\\/\\\/laureldeoro.cl\\\/#organization\"},\"potentialAction\":[{\"@type\":\"SearchAction\",\"target\":{\"@type\":\"EntryPoint\",\"urlTemplate\":\"https:\\\/\\\/laureldeoro.cl\\\/?s={search_term_string}\"},\"query-input\":{\"@type\":\"PropertyValueSpecification\",\"valueRequired\":true,\"valueName\":\"search_term_string\"}}],\"inLanguage\":\"es\"},{\"@type\":\"Organization\",\"@id\":\"https:\\\/\\\/laureldeoro.cl\\\/#organization\",\"name\":\"Laurel de Oro\",\"url\":\"https:\\\/\\\/laureldeoro.cl\\\/\",\"logo\":{\"@type\":\"ImageObject\",\"inLanguage\":\"es\",\"@id\":\"https:\\\/\\\/laureldeoro.cl\\\/#\\\/schema\\\/logo\\\/image\\\/\",\"url\":\"https:\\\/\\\/laureldeoro.cl\\\/wp-content\\\/uploads\\\/2025\\\/03\\\/cropped-cropped-Laurel-de-Oro-V2-3.png\",\"contentUrl\":\"https:\\\/\\\/laureldeoro.cl\\\/wp-content\\\/uploads\\\/2025\\\/03\\\/cropped-cropped-Laurel-de-Oro-V2-3.png\",\"width\":6242,\"height\":3115,\"caption\":\"Laurel de Oro\"},\"image\":{\"@id\":\"https:\\\/\\\/laureldeoro.cl\\\/#\\\/schema\\\/logo\\\/image\\\/\"}}]}<\/script>\n<!-- \/ Yoast SEO plugin. -->","yoast_head_json":{"title":"Nuestro creador: Guillermo Zurita Borja","description":"Esta es la historia de Guillermo Zurita Borja, el periodista de espect\u00e1culo ecuatoriano que fund\u00f3 el Laurel de Oro","robots":{"index":"index","follow":"follow","max-snippet":"max-snippet:-1","max-image-preview":"max-image-preview:large","max-video-preview":"max-video-preview:-1"},"canonical":"https:\/\/laureldeoro.cl\/?page_id=26","og_locale":"es_ES","og_type":"article","og_title":"Nuestro creador: Guillermo Zurita Borja","og_description":"Esta es la historia de Guillermo Zurita Borja, el periodista de espect\u00e1culo ecuatoriano que fund\u00f3 el Laurel de Oro","og_url":"https:\/\/laureldeoro.cl\/?page_id=26","og_site_name":"Laurel de Oro","article_modified_time":"2025-03-24T17:13:36+00:00","og_image":[{"width":666,"height":523,"url":"https:\/\/laureldeoro.cl\/wp-content\/uploads\/2025\/03\/NUESTRO-CREADOR-LAUREL-DE-ORO-1.png","type":"image\/png"}],"twitter_card":"summary_large_image","twitter_misc":{"Tiempo de lectura":"1 minuto"},"schema":{"@context":"https:\/\/schema.org","@graph":[{"@type":"WebPage","@id":"https:\/\/laureldeoro.cl\/?page_id=26","url":"https:\/\/laureldeoro.cl\/?page_id=26","name":"Nuestro creador: Guillermo Zurita Borja","isPartOf":{"@id":"https:\/\/laureldeoro.cl\/#website"},"primaryImageOfPage":{"@id":"https:\/\/laureldeoro.cl\/?page_id=26#primaryimage"},"image":{"@id":"https:\/\/laureldeoro.cl\/?page_id=26#primaryimage"},"thumbnailUrl":"https:\/\/laureldeoro.cl\/wp-content\/uploads\/2025\/03\/NUESTRO-CREADOR-LAUREL-DE-ORO-1.png","datePublished":"2025-03-16T21:27:18+00:00","dateModified":"2025-03-24T17:13:36+00:00","description":"Esta es la historia de Guillermo Zurita Borja, el periodista de espect\u00e1culo ecuatoriano que fund\u00f3 el Laurel de Oro","breadcrumb":{"@id":"https:\/\/laureldeoro.cl\/?page_id=26#breadcrumb"},"inLanguage":"es","potentialAction":[{"@type":"ReadAction","target":["https:\/\/laureldeoro.cl\/?page_id=26"]}]},{"@type":"ImageObject","inLanguage":"es","@id":"https:\/\/laureldeoro.cl\/?page_id=26#primaryimage","url":"https:\/\/laureldeoro.cl\/wp-content\/uploads\/2025\/03\/NUESTRO-CREADOR-LAUREL-DE-ORO-1.png","contentUrl":"https:\/\/laureldeoro.cl\/wp-content\/uploads\/2025\/03\/NUESTRO-CREADOR-LAUREL-DE-ORO-1.png","width":666,"height":523,"caption":"NUESTRO CREADOR GUILLERMO ZURITA BORJA"},{"@type":"BreadcrumbList","@id":"https:\/\/laureldeoro.cl\/?page_id=26#breadcrumb","itemListElement":[{"@type":"ListItem","position":1,"name":"Portada","item":"https:\/\/laureldeoro.cl\/"},{"@type":"ListItem","position":2,"name":"Nuestro creador"}]},{"@type":"WebSite","@id":"https:\/\/laureldeoro.cl\/#website","url":"https:\/\/laureldeoro.cl\/","name":"Laurel de Oro","description":"Patrocinado por la Corporaci\u00f3n de Arte y Cultura Guillero Zurita","publisher":{"@id":"https:\/\/laureldeoro.cl\/#organization"},"potentialAction":[{"@type":"SearchAction","target":{"@type":"EntryPoint","urlTemplate":"https:\/\/laureldeoro.cl\/?s={search_term_string}"},"query-input":{"@type":"PropertyValueSpecification","valueRequired":true,"valueName":"search_term_string"}}],"inLanguage":"es"},{"@type":"Organization","@id":"https:\/\/laureldeoro.cl\/#organization","name":"Laurel de Oro","url":"https:\/\/laureldeoro.cl\/","logo":{"@type":"ImageObject","inLanguage":"es","@id":"https:\/\/laureldeoro.cl\/#\/schema\/logo\/image\/","url":"https:\/\/laureldeoro.cl\/wp-content\/uploads\/2025\/03\/cropped-cropped-Laurel-de-Oro-V2-3.png","contentUrl":"https:\/\/laureldeoro.cl\/wp-content\/uploads\/2025\/03\/cropped-cropped-Laurel-de-Oro-V2-3.png","width":6242,"height":3115,"caption":"Laurel de Oro"},"image":{"@id":"https:\/\/laureldeoro.cl\/#\/schema\/logo\/image\/"}}]}},"_links":{"self":[{"href":"https:\/\/laureldeoro.cl\/index.php?rest_route=\/wp\/v2\/pages\/26","targetHints":{"allow":["GET"]}}],"collection":[{"href":"https:\/\/laureldeoro.cl\/index.php?rest_route=\/wp\/v2\/pages"}],"about":[{"href":"https:\/\/laureldeoro.cl\/index.php?rest_route=\/wp\/v2\/types\/page"}],"author":[{"embeddable":true,"href":"https:\/\/laureldeoro.cl\/index.php?rest_route=\/wp\/v2\/users\/1"}],"replies":[{"embeddable":true,"href":"https:\/\/laureldeoro.cl\/index.php?rest_route=%2Fwp%2Fv2%2Fcomments&post=26"}],"version-history":[{"count":6,"href":"https:\/\/laureldeoro.cl\/index.php?rest_route=\/wp\/v2\/pages\/26\/revisions"}],"predecessor-version":[{"id":141,"href":"https:\/\/laureldeoro.cl\/index.php?rest_route=\/wp\/v2\/pages\/26\/revisions\/141"}],"wp:attachment":[{"href":"https:\/\/laureldeoro.cl\/index.php?rest_route=%2Fwp%2Fv2%2Fmedia&parent=26"}],"curies":[{"name":"wp","href":"https:\/\/api.w.org\/{rel}","templated":true}]}}